{"id":713,"date":"2021-12-15T17:07:22","date_gmt":"2021-12-15T17:07:22","guid":{"rendered":"https:\/\/kinsley-demo.bslthemes.com\/?page_id=713"},"modified":"2025-01-30T16:22:51","modified_gmt":"2025-01-30T15:22:51","slug":"blog","status":"publish","type":"page","link":"https:\/\/location-marrakech-kaia.com\/?page_id=713","title":{"rendered":"Blog"},"content":{"rendered":"\t\t<div data-elementor-type=\"wp-page\" data-elementor-id=\"713\" class=\"elementor elementor-713\">\n\t\t\t\t<div class=\"elementor-element elementor-element-07c8538 e-con-full e-flex e-con e-parent\" data-id=\"07c8538\" data-element_type=\"container\" data-e-type=\"container\">\n\t\t<div class=\"elementor-element elementor-element-d3ed072 e-con-full e-flex e-con e-child\" data-id=\"d3ed072\" data-element_type=\"container\" data-e-type=\"container\">\n\t\t\t\t<div class=\"elementor-element elementor-element-49b0291 elementor-widget elementor-widget-kinsley-intro\" data-id=\"49b0291\" data-element_type=\"widget\" data-e-type=\"widget\" data-widget_type=\"kinsley-intro.default\">\n\t\t\t\t<div class=\"elementor-widget-container\">\n\t\t\t\t\t\n    <!-- banner -->\n    <section class=\"knsl-banner-simple knsl-transition-bottom knsl-banner-white\">\n      \n\t  \n      <div class=\"container\">\n        <div class=\"row\">\n          <div class=\"col-lg-12\">\n\n            <div class=\"knsl-center knsl-title-frame title-pos-top\">\n                            <h1 class=\"knsl-title--h knsl-mb-20 knsl-h1-inner\">\n                <span >\n                    Notre Blog                <\/span>\n              <\/h1>\n                                          <p class=\"knsl-text knsl-mb-30\">\n                <span >\n                    Suivez l'actualit\u00e9                <\/span>\n              <\/p>\n              \n              \n            <\/div>\n\n          <\/div>\n        <\/div>\n      <\/div>\n    <\/section>\n    <!-- banner end -->\n\n\t\t\t\t\t\t<\/div>\n\t\t\t\t<\/div>\n\t\t\t\t<\/div>\n\t\t\t\t<\/div>\n\t\t<div class=\"elementor-element elementor-element-8f3e93f e-con-full e-flex e-con e-parent\" data-id=\"8f3e93f\" data-element_type=\"container\" data-e-type=\"container\">\n\t\t<div class=\"elementor-element elementor-element-574babd e-con-full e-flex e-con e-child\" data-id=\"574babd\" data-element_type=\"container\" data-e-type=\"container\" data-settings=\"{&quot;background_background&quot;:&quot;classic&quot;}\">\n\t\t\t\t<\/div>\n\t\t\t\t<\/div>\n\t\t<div class=\"elementor-element elementor-element-9378ea5 e-con-full e-flex e-con e-parent\" data-id=\"9378ea5\" data-element_type=\"container\" data-e-type=\"container\">\n\t\t<div class=\"elementor-element elementor-element-987d037 e-flex e-con-boxed e-con e-child\" data-id=\"987d037\" data-element_type=\"container\" data-e-type=\"container\">\n\t\t\t\t\t<div class=\"e-con-inner\">\n\t\t<div class=\"elementor-element elementor-element-2657143 e-con-full e-flex e-con e-child\" data-id=\"2657143\" data-element_type=\"container\" data-e-type=\"container\">\n\t\t\t\t<div class=\"elementor-element elementor-element-7d0dbb4 elementor-widget elementor-widget-kinsley-section-heading-two\" data-id=\"7d0dbb4\" data-element_type=\"widget\" data-e-type=\"widget\" data-widget_type=\"kinsley-section-heading-two.default\">\n\t\t\t\t<div class=\"elementor-widget-container\">\n\t\t\t\t\t\n\t\t\t\t<div class=\"knsl-subtitle-two knsl-mb-20\">\n\t\t\t<span >\n\t\t\t\tNotre blog\t\t\t<\/span>\n\t\t<\/div>\n\t\t\t\t\t\t<h2 class=\"knsl-title-two knsl-mb-30\">\n\t\t\t<span >\n\t\t\t\tActualit\u00e9s \/ \u00c9v\u00e9nements\t\t\t<\/span>\n\t\t<\/h2>\n\t\t\t\t\n\t\t\t\t\t\t<\/div>\n\t\t\t\t<\/div>\n\t\t\t\t<\/div>\n\t\t<div class=\"elementor-element elementor-element-beeb77a e-con-full e-flex e-con e-child\" data-id=\"beeb77a\" data-element_type=\"container\" data-e-type=\"container\">\n\t\t\t\t<div class=\"elementor-element elementor-element-71d0837 elementor-widget elementor-widget-kinsley-blog-grid\" data-id=\"71d0837\" data-element_type=\"widget\" data-e-type=\"widget\" data-widget_type=\"kinsley-blog-grid.default\">\n\t\t\t\t<div class=\"elementor-widget-container\">\n\t\t\t\t\t\n\t<!-- blog -->\n\t<section class=\"knsl-transition-none knsl-p-0-80\">\n\t\t\n\t    \t\t\t<div class=\"row  attr-categories-false attr-readmore-false\">\n\t\t\t\t\n\t\t\t\t\t\t\t\t\t\t\t\t<div class=\"col-md-6 col-lg-4 knsl-icon-frame-hide\">\n\n\t\t\t\t\t\n\n\n<!-- blog card -->\n<div class=\"knsl-blog-card\">\n  <div id=\"post-9831\" class=\"post-9831 post type-post status-publish format-standard has-post-thumbnail hentry category-non-classe\">\n    <div class=\"knsl-cover-frame\">\n    <a href=\"https:\/\/location-marrakech-kaia.com\/?p=9831\">\n    \t    \t<img decoding=\"async\" src=\"https:\/\/location-marrakech-kaia.com\/wp-content\/uploads\/2025\/02\/from-marrakesh-ourika-valley-atlas-mountains-day-tour-1714365-950x634.webp\" alt=\"\" \/>\n    \t    <\/a>\n\t\t<div class=\"knsl-badge\">\n\t\t\tNon class\u00e9\t\t<\/div>\n  <\/div>\n    <div class=\"knsl-description-frame\">\n    <div class=\"knsl-room-features\">\n      <div class=\"knsl-feature knsl-feature-author\">\n                <div class=\"knsl-icon-frame knsl-icon-author\"><img decoding=\"async\" src=\"https:\/\/secure.gravatar.com\/avatar\/7661abbea68603528dcc7baedd313a13a064f38ae5114fcd374b4840cd40d444?s=96&#038;d=mm&#038;r=g\" alt=\"kaia\" \/><\/div>\n                <span>kaia<\/span>\n      <\/div>\n\n      \t  \t<div class=\"knsl-feature\">\n        <div class=\"knsl-icon-frame\"><span class=\"img-svg img-svg-time\"><\/span><\/div>\n        <a href=\"https:\/\/location-marrakech-kaia.com\/?p=9831\"><span>18 f\u00e9vrier 2025<\/span><\/a>\n      <\/div>\n\t  \t    <\/div>\n    <a href=\"https:\/\/location-marrakech-kaia.com\/?p=9831\" class=\"knsl-title\">\n      <h4 class=\"knsl-mb-20\"><\/h4>\n    <\/a>\n    <div class=\"knsl-text-light knsl-text-sm\">\n    \t    <\/div>\n  <\/div>\n  <\/div>\n<\/div>\n<!-- blog card end -->\n\n\n\t\t\t\t<\/div>\n\t\t\t\t\t\t\t\t<div class=\"col-md-6 col-lg-4 knsl-icon-frame-hide\">\n\n\t\t\t\t\t\n\n\n<!-- blog card -->\n<div class=\"knsl-blog-card\">\n  <div id=\"post-9821\" class=\"post-9821 post type-post status-publish format-standard has-post-thumbnail hentry category-non-classe\">\n    <div class=\"knsl-cover-frame\">\n    <a href=\"https:\/\/location-marrakech-kaia.com\/?p=9821\">\n    \t    \t<img decoding=\"async\" src=\"https:\/\/location-marrakech-kaia.com\/wp-content\/uploads\/2025\/02\/festival-international-du-film-de-marrakech-2023.jpg\" alt=\"manifestation festival du film 2025\" \/>\n    \t    <\/a>\n\t\t<div class=\"knsl-badge\">\n\t\t\tNon class\u00e9\t\t<\/div>\n  <\/div>\n    <div class=\"knsl-description-frame\">\n    <div class=\"knsl-room-features\">\n      <div class=\"knsl-feature knsl-feature-author\">\n                <div class=\"knsl-icon-frame knsl-icon-author\"><img decoding=\"async\" src=\"https:\/\/secure.gravatar.com\/avatar\/7661abbea68603528dcc7baedd313a13a064f38ae5114fcd374b4840cd40d444?s=96&#038;d=mm&#038;r=g\" alt=\"kaia\" \/><\/div>\n                <span>kaia<\/span>\n      <\/div>\n\n      \t  \t<div class=\"knsl-feature knsl-feature-date\">\n        <div class=\"knsl-icon-frame\"><span class=\"img-svg img-svg-time\"><\/span><\/div>\n        <span>18 f\u00e9vrier 2025<\/span>\n      <\/div>\n\t  \t    <\/div>\n    <a href=\"https:\/\/location-marrakech-kaia.com\/?p=9821\" class=\"knsl-title\">\n      <h4 class=\"knsl-mb-20\">manifestation festival du film 2025<\/h4>\n    <\/a>\n    <div class=\"knsl-text-light knsl-text-sm\">\n    \t<p>Festival International du Film de Marrakech \u00c9dition 2025 Festival long-m\u00e9trage LieuMaroc P\u00e9riodedu28\/11\/2025au06\/12\/2025<\/p>\n    <\/div>\n  <\/div>\n  <\/div>\n<\/div>\n<!-- blog card end -->\n\n\n\t\t\t\t<\/div>\n\t\t\t\t\t\t\t\t<div class=\"col-md-6 col-lg-4 knsl-icon-frame-hide\">\n\n\t\t\t\t\t\n\n\n<!-- blog card -->\n<div class=\"knsl-blog-card\">\n  <div id=\"post-9817\" class=\"post-9817 post type-post status-publish format-standard has-post-thumbnail hentry category-non-classe\">\n    <div class=\"knsl-cover-frame\">\n    <a href=\"https:\/\/location-marrakech-kaia.com\/?p=9817\">\n    \t    \t<img decoding=\"async\" src=\"https:\/\/location-marrakech-kaia.com\/wp-content\/uploads\/2025\/02\/can-maroc-coupe-dafrique-950x534.jpeg\" alt=\"rencontre voiture ancienne\" \/>\n    \t    <\/a>\n\t\t<div class=\"knsl-badge\">\n\t\t\tNon class\u00e9\t\t<\/div>\n  <\/div>\n    <div class=\"knsl-description-frame\">\n    <div class=\"knsl-room-features\">\n      <div class=\"knsl-feature knsl-feature-author\">\n                <div class=\"knsl-icon-frame knsl-icon-author\"><img decoding=\"async\" src=\"https:\/\/secure.gravatar.com\/avatar\/7661abbea68603528dcc7baedd313a13a064f38ae5114fcd374b4840cd40d444?s=96&#038;d=mm&#038;r=g\" alt=\"kaia\" \/><\/div>\n                <span>kaia<\/span>\n      <\/div>\n\n      \t  \t<div class=\"knsl-feature knsl-feature-date\">\n        <div class=\"knsl-icon-frame\"><span class=\"img-svg img-svg-time\"><\/span><\/div>\n        <span>18 f\u00e9vrier 2025<\/span>\n      <\/div>\n\t  \t    <\/div>\n    <a href=\"https:\/\/location-marrakech-kaia.com\/?p=9817\" class=\"knsl-title\">\n      <h4 class=\"knsl-mb-20\">rencontre voiture ancienne<\/h4>\n    <\/a>\n    <div class=\"knsl-text-light knsl-text-sm\">\n    \t<p>uhyeiufyfyeozayfoyaizefb eaz f ueazyu fy fezefez efezfezfezfezfezfezfzefzefez<\/p>\n    <\/div>\n  <\/div>\n  <\/div>\n<\/div>\n<!-- blog card end -->\n\n\n\t\t\t\t<\/div>\n\t\t\t\t\t\t\t\t<div class=\"col-md-6 col-lg-4 knsl-icon-frame-hide\">\n\n\t\t\t\t\t\n\n\n<!-- blog card -->\n<div class=\"knsl-blog-card knsl-scroll-animation\">\n  <div id=\"post-9674\" class=\"post-9674 post type-post status-publish format-standard has-post-thumbnail hentry category-festival\">\n    <div class=\"knsl-cover-frame\">\n    <a href=\"https:\/\/location-marrakech-kaia.com\/?p=9674\">\n    \t    \t<img decoding=\"async\" src=\"https:\/\/location-marrakech-kaia.com\/wp-content\/uploads\/2025\/01\/CSP01070-Enhanced-NR-copie-950x633.jpg\" alt=\"Festival International du Conte de Marrakech 2025 en Photos \u2013 Une C\u00e9l\u00e9bration de la Joie et du Conte\" \/>\n    \t    <\/a>\n\t\t<div class=\"knsl-badge\">\n\t\t\tFestival\t\t<\/div>\n  <\/div>\n    <div class=\"knsl-description-frame\">\n    <div class=\"knsl-room-features\">\n      <div class=\"knsl-feature knsl-feature-author\">\n                <div class=\"knsl-icon-frame knsl-icon-author\"><img decoding=\"async\" src=\"https:\/\/secure.gravatar.com\/avatar\/eff89a5e9ec42d9316629b400588317c52535e03037a3e9ad88c93b65ebd383a?s=96&#038;d=mm&#038;r=g\" alt=\"kabia\" \/><\/div>\n                <span>kabia<\/span>\n      <\/div>\n\n      \t  \t<div class=\"knsl-feature knsl-feature-date\">\n        <div class=\"knsl-icon-frame\"><span class=\"img-svg img-svg-time\"><\/span><\/div>\n        <span>30 janvier 2025<\/span>\n      <\/div>\n\t  \t    <\/div>\n    <a href=\"https:\/\/location-marrakech-kaia.com\/?p=9674\" class=\"knsl-title\">\n      <h4 class=\"knsl-mb-20\">Festival International du Conte de Marrakech 2025 en Photos \u2013 Une C\u00e9l\u00e9bration de la Joie et du Conte<\/h4>\n    <\/a>\n    <div class=\"knsl-text-light knsl-text-sm\">\n    \t<p>Sous le Th\u00e8me de \u00ab&nbsp;Bahja&nbsp;\u00bb : Incarnation de l\u2019Esprit de Joie Du 19 au&#8230; <span class=\"knsl-el-more\"><a href=\"https:\/\/location-marrakech-kaia.com\/?p=9674\" class=\"knsl-btn\">Read more<span class=\"screen-reader-text\">Read more&nbsp;Festival International du Conte de Marrakech 2025 en Photos \u2013 Une C\u00e9l\u00e9bration de la Joie et du Conte<\/span><\/a><\/span><\/p>\n    <\/div>\n  <\/div>\n  <\/div>\n<\/div>\n<!-- blog card end -->\n\n\n\t\t\t\t<\/div>\n\t\t\t\t\t\t\t\t<div class=\"col-md-6 col-lg-4 knsl-icon-frame-hide\">\n\n\t\t\t\t\t\n\n\n<!-- blog card -->\n<div class=\"knsl-blog-card knsl-scroll-animation\">\n  <div id=\"post-1181\" class=\"post-1181 post type-post status-publish format-standard has-post-thumbnail hentry category-festival\">\n    <div class=\"knsl-cover-frame\">\n    <a href=\"https:\/\/location-marrakech-kaia.com\/?p=1181\">\n    \t    \t<img decoding=\"async\" src=\"https:\/\/location-marrakech-kaia.com\/wp-content\/uploads\/2021\/12\/WhatsApp-Image-2025-01-22-at-09.26.39-2-950x950.jpeg\" alt=\"Festival du Livre Africain \u2013 3e \u00c9dition\" \/>\n    \t    <\/a>\n\t\t<div class=\"knsl-badge\">\n\t\t\tFestival\t\t<\/div>\n  <\/div>\n    <div class=\"knsl-description-frame\">\n    <div class=\"knsl-room-features\">\n      <div class=\"knsl-feature knsl-feature-author\">\n                <div class=\"knsl-icon-frame knsl-icon-author\"><img decoding=\"async\" src=\"https:\/\/secure.gravatar.com\/avatar\/eff89a5e9ec42d9316629b400588317c52535e03037a3e9ad88c93b65ebd383a?s=96&#038;d=mm&#038;r=g\" alt=\"kabia\" \/><\/div>\n                <span>kabia<\/span>\n      <\/div>\n\n      \t  \t<div class=\"knsl-feature knsl-feature-date\">\n        <div class=\"knsl-icon-frame\"><span class=\"img-svg img-svg-time\"><\/span><\/div>\n        <span>30 janvier 2025<\/span>\n      <\/div>\n\t  \t    <\/div>\n    <a href=\"https:\/\/location-marrakech-kaia.com\/?p=1181\" class=\"knsl-title\">\n      <h4 class=\"knsl-mb-20\">Festival du Livre Africain \u2013 3e \u00c9dition<\/h4>\n    <\/a>\n    <div class=\"knsl-text-light knsl-text-sm\">\n    \t<p>La 3e \u00e9dition du Festival du Livre Africain se tiendra \u00e0 Marrakech, en parall\u00e8le&#8230; <span class=\"knsl-el-more\"><a href=\"https:\/\/location-marrakech-kaia.com\/?p=1181\" class=\"knsl-btn\">Read more<span class=\"screen-reader-text\">Read more&nbsp;Festival du Livre Africain \u2013 3e \u00c9dition<\/span><\/a><\/span><\/p>\n    <\/div>\n  <\/div>\n  <\/div>\n<\/div>\n<!-- blog card end -->\n\n\n\t\t\t\t<\/div>\n\t\t\t\t\n\t      \t\t\t\t\t\t<!-- pagination -->\n\t\t\t\t<div class=\"knsl-pagination\">\n\t\t\t\t\t\t\t\t<\/div>\n\t\t\t\t<!-- pagination end -->\n\t\t\t\t\n\t\t\t\t\t    \t\t\n\t    \t<\/div>\n\t\t\t<\/section>\n\t<!-- blog end -->\n\n\t\t\t\t\t\t<\/div>\n\t\t\t\t<\/div>\n\t\t\t\t<\/div>\n\t\t\t\t\t<\/div>\n\t\t\t\t<\/div>\n\t\t\t\t<\/div>\n\t\t\t\t<\/div>\n\t\t","protected":false},"excerpt":{"rendered":"<p>Notre Blog Suivez l&#8217;actualit\u00e9 Notre blog Actualit\u00e9s \/ \u00c9v\u00e9nements Festival kabia 30 janvier 2025&#8230; <span class=\"knsl-el-more\"><a href=\"https:\/\/location-marrakech-kaia.com\/?p=1181\" class=\"knsl-btn\">Read more<span class=\"screen-reader-text\">Read more&nbsp;Festival du Livre Africain \u2013 3e \u00c9dition<\/span><\/a><\/span><\/p>\n","protected":false},"author":1,"featured_media":0,"parent":0,"menu_order":0,"comment_status":"closed","ping_status":"closed","template":"template-layout-builder.php","meta":{"_acf_changed":false,"footnotes":""},"class_list":["post-713","page","type-page","status-publish","hentry"],"acf":[],"_links":{"self":[{"href":"https:\/\/location-marrakech-kaia.com\/index.php?rest_route=\/wp\/v2\/pages\/713","targetHints":{"allow":["GET"]}}],"collection":[{"href":"https:\/\/location-marrakech-kaia.com\/index.php?rest_route=\/wp\/v2\/pages"}],"about":[{"href":"https:\/\/location-marrakech-kaia.com\/index.php?rest_route=\/wp\/v2\/types\/page"}],"author":[{"embeddable":true,"href":"https:\/\/location-marrakech-kaia.com\/index.php?rest_route=\/wp\/v2\/users\/1"}],"replies":[{"embeddable":true,"href":"https:\/\/location-marrakech-kaia.com\/index.php?rest_route=%2Fwp%2Fv2%2Fcomments&post=713"}],"version-history":[{"count":9,"href":"https:\/\/location-marrakech-kaia.com\/index.php?rest_route=\/wp\/v2\/pages\/713\/revisions"}],"predecessor-version":[{"id":9689,"href":"https:\/\/location-marrakech-kaia.com\/index.php?rest_route=\/wp\/v2\/pages\/713\/revisions\/9689"}],"wp:attachment":[{"href":"https:\/\/location-marrakech-kaia.com\/index.php?rest_route=%2Fwp%2Fv2%2Fmedia&parent=713"}],"curies":[{"name":"wp","href":"https:\/\/api.w.org\/{rel}","templated":true}]}}